{"id":800,"date":"2025-01-29T13:38:36","date_gmt":"2025-01-29T13:38:36","guid":{"rendered":"https:\/\/approoblit.com\/?page_id=800"},"modified":"2025-07-02T15:52:13","modified_gmt":"2025-07-02T15:52:13","slug":"kontakt","status":"publish","type":"page","link":"https:\/\/approoblit.com\/?page_id=800","title":{"rendered":"Kontakt"},"content":{"rendered":"<p>Ta strona jest w\u0142asno\u015bci\u0105 firmy Approoblit Sp. z o.o. Staramy si\u0119 dostarcza\u0107 istotne i u\u017cyteczne informacje naszym u\u017cytkownikom.<\/p>\n<p>Nazwa firmy: Approoblit Sp. z o.o.<br \/>\nAdres siedziby: Subcarpathia, Powiat jasielski, Potak\u00f3wka, 38-204, Poland<br \/>\nE-mail: <a href=\"mailto:info@approoblit.com\">info@approoblit.com<\/a><br \/>\nTelefon: <a href=\"tel:+48610251628\">+48610251628<\/a><br \/>\nDyrektor zarz\u0105dzaj\u0105cy: Dorota Duda<br \/>\nNumer rejestracyjny: 2453 751209<br \/>\nNazwa organu rejestruj\u0105cego: Klara Makowska<br \/>\nAdres organu rejestruj\u0105cego: Lesser Poland, Powiat wielicki, W\u0119grzce Wielkie, 32-002, Polska<\/p>\n<p><b>Odpowiedzialno\u015b\u0107 za tre\u015b\u0107:<\/b><br \/>\nNie ponosimy odpowiedzialno\u015bci za tre\u015b\u0107 link\u00f3w do stron internetowych os\u00f3b trzecich, kt\u00f3re mog\u0105 by\u0107 dost\u0119pne na naszej stronie internetowej. Ca\u0142a odpowiedzialno\u015b\u0107 za tre\u015b\u0107 takich link\u00f3w spoczywa na ich w\u0142a\u015bcicielach. Nie ponosimy odpowiedzialno\u015bci za jakiekolwiek szkody, bezpo\u015brednie lub po\u015brednie, wynikaj\u0105ce z wykorzystania informacji zawartych na naszej stronie.<\/p>\n<p><b>Prawa autorskie:<\/b><br \/>\nWszystkie materia\u0142y na naszej stronie internetowej, w tym tekst, obrazy, grafika, projekt i oprogramowanie s\u0105 chronione prawem autorskim. Ich wykorzystywanie lub rozpowszechnianie bez zgody w\u0142a\u015bciciela praw autorskich jest zabronione.<\/p>\n<p><b>Informacje kontaktowe:<\/b><br \/>\nW przypadku jakichkolwiek pyta\u0144 lub uwag dotycz\u0105cych naszej strony internetowej lub naszej firmy, prosimy o kontakt za pomoc\u0105 danych kontaktowych wymienionych powy\u017cej.<\/p>\n<p><b>Polityka prywatno\u015bci:<\/b><br \/>\nSzanujemy prywatno\u015b\u0107 u\u017cytkownik\u00f3w i chronimy ich dane osobowe. Wi\u0119cej informacji mo\u017cna znale\u017a\u0107 w naszej polityce prywatno\u015bci.<\/p>\n","protected":false},"excerpt":{"rendered":"<p>Ta strona jest w\u0142asno\u015bci\u0105 firmy Approoblit Sp. z o.o. Staramy si\u0119 dostarcza\u0107 istotne i u\u017cyteczne informacje naszym u\u017cytkownikom. Nazwa firmy: Approoblit Sp. z o.o. Adres siedziby: Subcarpathia, Powiat jasielski, Potak\u00f3wka, 38-204, Poland E-mail: info@approoblit.com Telefon: +48610251628 Dyrektor zarz\u0105dzaj\u0105cy: Dorota Duda Numer rejestracyjny: 2453 751209 Nazwa organu rejestruj\u0105cego: Klara Makowska Adres organu rejestruj\u0105cego: Lesser Poland, Powiat [&hellip;]<\/p>\n","protected":false},"author":1,"featured_media":0,"parent":0,"menu_order":0,"comment_status":"closed","ping_status":"closed","template":"","meta":{"footnotes":""},"class_list":["post-800","page","type-page","status-publish","hentry"],"_links":{"self":[{"href":"https:\/\/approoblit.com\/index.php?rest_route=\/wp\/v2\/pages\/800","targetHints":{"allow":["GET"]}}],"collection":[{"href":"https:\/\/approoblit.com\/index.php?rest_route=\/wp\/v2\/pages"}],"about":[{"href":"https:\/\/approoblit.com\/index.php?rest_route=\/wp\/v2\/types\/page"}],"author":[{"embeddable":true,"href":"https:\/\/approoblit.com\/index.php?rest_route=\/wp\/v2\/users\/1"}],"replies":[{"embeddable":true,"href":"https:\/\/approoblit.com\/index.php?rest_route=%2Fwp%2Fv2%2Fcomments&post=800"}],"version-history":[{"count":4,"href":"https:\/\/approoblit.com\/index.php?rest_route=\/wp\/v2\/pages\/800\/revisions"}],"predecessor-version":[{"id":1260,"href":"https:\/\/approoblit.com\/index.php?rest_route=\/wp\/v2\/pages\/800\/revisions\/1260"}],"wp:attachment":[{"href":"https:\/\/approoblit.com\/index.php?rest_route=%2Fwp%2Fv2%2Fmedia&parent=800"}],"curies":[{"name":"wp","href":"https:\/\/api.w.org\/{rel}","templated":true}]}}